{"id":2908,"date":"2023-10-06T12:17:50","date_gmt":"2023-10-06T10:17:50","guid":{"rendered":"https:\/\/construccionsilla.com\/aviso-legal\/"},"modified":"2023-12-05T13:51:42","modified_gmt":"2023-12-05T12:51:42","slug":"aviso-legal","status":"publish","type":"page","link":"https:\/\/construccionsilla.com\/es\/aviso-legal\/","title":{"rendered":"Aviso legal"},"content":{"rendered":"&#13;\n<div class=\"row-fluid dynamic_page_header left\">&#13;\n<p>Esta p\u00e1gina Web es propiedad de CONSTRUCCIONS SILLA-BELLVER SL (en adelante CONSTRUCCIONS SILLA), con NIF n\u00ba B25584418 y domicilio en C\/ Ral n\u00ba 11, bajos, 25720, Bellver de Cerdanya, Lleida (Espa\u00f1a) e Inscrita en el Registro Mercantil de Lleida en el Libro 1\/65\/1.105 Inscripci\u00f3n 187.<\/p>&#13;\n<p>Para cualquier consulta o propuesta, cont\u00e1ctenos llamando al tel\u00e9fono +34 973 510 505 o en el e-mail\u00a0<a href=\"mailto:info@construccionsilla.com\">info@construccionsilla.com<\/a>.<\/p>&#13;\n<p>Esta p\u00e1gina Web se rige por la normativa exclusivamente aplicable en Espa\u00f1a, quedando sometida a ella, tanto nacionales como extranjeros que utilicen esta Web.<\/p>&#13;\n<p>El acceso a nuestra p\u00e1gina Web por parte de la PERSONA USUARIA es gratuito y est\u00e1 condicionado a la previa lectura y aceptaci\u00f3n \u00cdntegra, expresa y sin reservas de las presentes CONDICIONES GENERALES DE USO vigentes en el momento del acceso, que rogamos lea detenidamente. La PERSONA USUARIA en el momento que utiliza nuestro portal, sus contenidos o servicios, acepta y se somete expresamente a las condiciones generales de uso del mismo. Si la PERSONA USUARIA no estuviere de acuerdo con las presentes condiciones de uso, deber\u00e1 abstenerse de utilizar este portal y operar por medio del mismo.<\/p>&#13;\n<p>El suministro de datos personales a trav\u00e9s de nuestro portal requiere una edad m\u00ednima de 14 a\u00f1os, o en su caso, disponer de capacidad jur\u00eddica suficiente para contratar.<\/p>&#13;\n<p>En cualquier momento podremos modificar la presentaci\u00f3n y configuraci\u00f3n de nuestra Web, ampliar o reducir servicios, e incluso suprimirla de la Red, as\u00ed como los servicios y contenidos prestados, todo ello de forma unilateral y sin previo aviso.<\/p>&#13;\n<p>\u00a0<\/p>&#13;\n<ol>&#13;\n<li><strong>PROPIEDAD INTELECTUAL<\/strong><\/li>&#13;\n<\/ol>&#13;\n<p>Todos los contenidos, textos, im\u00e1genes, y c\u00f3digos fuente son propiedad de CONSTRUCCIONS SILLA o de terceros a los que se han adquirido sus derechos de explotaci\u00f3n, y est\u00e1n protegidos por los derechos de Propiedad Intelectual e Industrial.<\/p>&#13;\n<p>La PERSONA USUARIA \u00fanicamente tiene derecho a un uso privado de los mismos, sin \u00e1nimo de lucro, y necesita autorizaci\u00f3n expresa para modificarlos, reproducirlos, explotarlos, distribuirlos o ejercer cualquier derecho perteneciente a su titular.<\/p>&#13;\n<p>CONSTRUCCIONS SILLA es una marca registrada, y est\u00e1 prohibida su reproducci\u00f3n, imitaci\u00f3n, utilizaci\u00f3n o inserci\u00f3n de estas marcas sin nuestra debida autorizaci\u00f3n.<\/p>&#13;\n<p>El establecimiento de enlaces a nuestro portal no confiere ning\u00fan derecho sobre el mismo. Asimismo, el simple hecho de establecer un enlace a nuestra p\u00e1gina web no da derecho a otorgarse la categor\u00eda de colaborador o socio.<\/p>&#13;\n<p>CONSTRUCCIONS SILLA queda exonerado de responsabilidad por cualquier reclamaci\u00f3n respecto a los derechos de propiedad intelectual de los art\u00edculos e im\u00e1genes publicadas por terceros en su portal.<\/p>&#13;\n<p>Est\u00e1 absolutamente prohibida la imitaci\u00f3n ya sea total o parcial de nuestro portal o el establecimiento de enlaces a nuestra p\u00e1gina web sin la autorizaci\u00f3n previa de CONSTRUCCIONS SILLA.<\/p>&#13;\n<p>\u00a0<\/p>&#13;\n<ol>&#13;\n<li><strong>CONDICIONES DE ACCESO Y USO<\/strong><\/li>&#13;\n<\/ol>&#13;\n<p>El acceso a nuestra p\u00e1gina Web es gratuito y no exige suscripci\u00f3n o registro previo. Sin embargo, determinados servicios son de acceso restringido a determinadas PERSONAS USUARIAS y requieren haber realizado un proceso de registro y\/o la identificaci\u00f3n mediante contrase\u00f1as. Estos servicios quedar\u00e1n debidamente identificados en la Web.<\/p>&#13;\n<p>El env\u00edo de datos personales implica la aceptaci\u00f3n expresa por parte de la PERSONA USUARIA de nuestra pol\u00edtica de privacidad.<\/p>&#13;\n<p>La PERSONA USUARIA debe acceder a nuestra p\u00e1gina Web conforme a la buena fe, las normas de orden p\u00fablico y a las presentes Condiciones Generales de uso. El acceso a nuestro sitio Web se realiza bajo la propia y exclusiva responsabilidad de la PERSONA USUARIA, que responder\u00e1 en todo caso de los da\u00f1os y perjuicios que pueda causar a terceros o a nosotros mismos.<\/p>&#13;\n<p>La PERSONA USUARIA tiene expresamente prohibida la utilizaci\u00f3n y obtenci\u00f3n de los servicios y contenidos ofrecidos en la presente p\u00e1gina web, por procedimientos distintos a los estipulados en las presentes condiciones de uso.<\/p>&#13;\n<p>La PERSONA USUARIA tiene prohibido cualquier tipo de acci\u00f3n sobre nuestro portal que origine una excesiva sobrecarga de funcionamiento a nuestros sistemas inform\u00e1ticos, as\u00ed como la introducci\u00f3n de virus, o instalaci\u00f3n de robots, o software que altere el normal funcionamiento de nuestra web, o en definitiva pueda causar da\u00f1os a nuestros sistemas inform\u00e1ticos.<\/p>&#13;\n<p>Teniendo en cuenta la dificultad de control respecto a la informaci\u00f3n, contenidos y servicios que contengan p\u00e1ginas web de terceros disponibles desde nuestra p\u00e1gina web, le comunicamos que CONSTRUCCIONS SILLA, no se hace responsable de los mismos, sin perjuicio de que intentar\u00e1, en la medida de lo posible, velar por su legalidad.<\/p>&#13;\n<p>CONSTRUCCIONS SILLA se reserva el derecho a dar de baja a cualquier\u00a0PERSONA USUARIA\u00a0que la organizaci\u00f3n entienda que ha vulnerado las condiciones que rigen el uso de nuestra p\u00e1gina web. Asimismo, se reserva el derecho de ejercitar las acciones legales oportunas contra aquellos que vulneren las presentes condiciones generales de uso.<\/p>&#13;\n<ol>&#13;\n<li><strong>POL\u00cdTICA DE PRIVACIDAD<\/strong><\/li>&#13;\n<\/ol>&#13;\n<p>La confidencialidad y la seguridad son valores primordiales de\u00a0CONSTRUCCIONS SILLA\u00a0y, en consecuencia, asumimos el compromiso de garantizar la privacidad de la PERSONA USUARIA en todo momento y de no recabar informaci\u00f3n innecesaria.<\/p>&#13;\n<p>El suministro de datos personales a trav\u00e9s de nuestro portal requiere una edad m\u00ednima de 14 a\u00f1os y la aceptaci\u00f3n expresa de nuestra\u00a0<u>Pol\u00edtica de Privacidad<\/u>.<\/p>&#13;\n<ol>&#13;\n<li><strong>RESPONSABILIDADES<\/strong><\/li>&#13;\n<\/ol>&#13;\n<p>Al poner a disposici\u00f3n de la PERSONA USUARIA esta p\u00e1gina Web queremos ofrecerle un servicio de calidad, utilizando la m\u00e1xima diligencia en la prestaci\u00f3n del mismo, as\u00ed como en los medios tecnol\u00f3gicos utilizados. No obstante, CONSTRUCCIONS SILLA no garantiza que la disponibilidad del servicio sea continua e ininterrumpida, por circunstancias originadas por problemas en la red de Internet, aver\u00edas en los dispositivos inform\u00e1ticos u otras circunstancias imprevisibles, de manera que la PERSONA USUARIA acepta soportar dentro de unos l\u00edmites razonables estas circunstancias.<\/p>&#13;\n<p>Esta p\u00e1gina web, salvo lo regulado, en su caso, por algunas condiciones de uso espec\u00edficas, es puramente informativa y de presentaci\u00f3n corporativa de nuestros productos y servicios, por lo que CONSTRUCCIONS SILLA no se responsabiliza por las expectativas de cualquier tipo que pueda generar a la PERSONA USUARIA.<\/p>&#13;\n<p>\u00a0<\/p>&#13;\n<p>La PERSONA USUARIA reconoce que ha entendido toda la informaci\u00f3n respecto a las condiciones de uso de nuestro portal, y reconoce que son suficientes para la exclusi\u00f3n del error en las mismas, y por lo tanto, las acepta integra y expresamente.<\/p>&#13;\n<p>La PERSONA USUARIA es plenamente consciente de que la mera navegaci\u00f3n por la presente p\u00e1gina web, as\u00ed como la utilizaci\u00f3n de sus servicios, implica la aceptaci\u00f3n de las presentes condiciones de uso.<\/p>&#13;\n<p>Todo lo referente a nuestra p\u00e1gina web, se rige exclusivamente por las leyes espa\u00f1olas. En el caso de que se produzca cualquier tipo de discrepancia o diferencia entre las partes en relaci\u00f3n con la interpretaci\u00f3n y contenido de la presente p\u00e1gina web, todas las partes se someten a los Juzgados y Tribunales que legalmente correspondan.<\/p>&#13;\n<p>\u00a0<\/p>&#13;\n<ol>&#13;\n<li><strong>VIGENCIA DE LAS CONDICIONES GENERALES DE ACCESO A LA WEB<\/strong><\/li>&#13;\n<\/ol>&#13;\n<p>Las presentes Condiciones Generales de Uso han sido modificadas con fecha 10\/08\/2022. En cualquier momento podemos proceder a su modificaci\u00f3n: por favor, compruebe la fecha de emisi\u00f3n en cada ocasi\u00f3n en que se conecte a nuestra p\u00e1gina Web y as\u00ed tendr\u00e1 la certeza de que no se ha producido modificaci\u00f3n alguna que le afecte.<\/p>&#13;\n<p>Para cualquier cuesti\u00f3n respecto a las Condiciones de Uso de nuestra p\u00e1gina web, puede ponerse en contacto con nosotros en los datos arriba indicados, o con Lant Abogados en\u00a0<a href=\"mailto:info@lant-abogados.com\">info@lant-abogados.com<\/a>\u00a0o en\u00a0<a href=\"https:\/\/www.lant-abogados.com\/\">https:\/\/www.lant-abogados.com\/<\/a>.<\/p>&#13;\n<h1 class=\"wp-block-heading\">Pol\u00edtica de privacidad<\/h1>&#13;\n<p>La confidencialidad y la seguridad son valores primordiales de CONSTRUCCIONS SILLA y, en consecuencia, asumimos el compromiso de garantizar la privacidad del Usuario en todo momento y de no recabar informaci\u00f3n innecesaria. A continuaci\u00f3n, le proporcionamos toda la informaci\u00f3n necesaria sobre nuestra Pol\u00edtica de Privacidad en relaci\u00f3n con los datos personales que recabamos, explic\u00e1ndole:<\/p>&#13;\n<ul>&#13;\n<li>Qui\u00e9n es el responsable del tratamiento de sus datos.<\/li>&#13;\n<li>Para qu\u00e9 finalidades recabamos los datos que le solicitamos.<\/li>&#13;\n<li>Cu\u00e1l es la legitimaci\u00f3n para su tratamiento.<\/li>&#13;\n<li>Durante cu\u00e1nto tiempo los conservamos.<\/li>&#13;\n<li>A qu\u00e9 destinatarios se comunican sus datos.<\/li>&#13;\n<li>Cu\u00e1les son sus derechos.<\/li>&#13;\n<\/ul>&#13;\n<ol>&#13;\n<li><strong>Responsable<\/strong>:<\/li>&#13;\n<\/ol>&#13;\n<p>CONSTRUCCIONS SILLA-BELLVER SL (B25584418)<\/p>&#13;\n<p>C\/ Ral n\u00ba 11, bajos<\/p>&#13;\n<p>25120, Bellver de Cerdanya, Lleida (Espa\u00f1a)<\/p>&#13;\n<p><a href=\"mailto:info@construccionsilla.com\">info@construccionsilla.com<\/a>.<\/p>&#13;\n<p>\u00a0<\/p>&#13;\n<ol start=\"2\">&#13;\n<li><strong>Finalidades, legitimaci\u00f3n y conservaci\u00f3n de los tratamientos de los datos enviados a trav\u00e9s de<\/strong>:<\/li>&#13;\n<\/ol>&#13;\n<ul>&#13;\n<li>FORMULARIO DE CONTACTO.<\/li>&#13;\n<\/ul>&#13;\n<p><strong>Finalidad:<\/strong>\u00a0Facilitarle un medio para que pueda ponerse en contacto con nosotros y contestar a sus solicitudes de informaci\u00f3n, as\u00ed como enviarle comunicaciones de nuestros productos y servicios, inclusive por medios electr\u00f3nicos, si marca la casilla de aceptaci\u00f3n.<\/p>&#13;\n<p><strong>Legitimaci\u00f3n:<\/strong>\u00a0El consentimiento del usuario al solicitarnos informaci\u00f3n a trav\u00e9s de nuestro formulario de contactos y al marcar la casilla de aceptaci\u00f3n de env\u00edo de informaci\u00f3n.<\/p>&#13;\n<p><strong>Conservaci\u00f3n:<\/strong>\u00a0Hasta una vez resulta su solicitud por medio de nuestro formulario o contestada por correo electr\u00f3nico, si no ha generado un nuevo tratamiento. En caso de haber aceptado recibir env\u00edos comerciales, hasta que solicite la baja de los mismos.<\/p>&#13;\n<ul>&#13;\n<li>ENV\u00cdO DE CORREOS ELECTR\u00d3NICOS.<\/li>&#13;\n<\/ul>&#13;\n<p><strong>Finalidad:<\/strong>\u00a0Contestar a sus solicitudes de informaci\u00f3n, atender sus peticiones y responder sus consultas o dudas.\u00a0\u00a0<\/p>&#13;\n<p><strong>Legitimaci\u00f3n:<\/strong>\u00a0El consentimiento del usuario al solicitarnos informaci\u00f3n a trav\u00e9s de la direcci\u00f3n de correo electr\u00f3nico.<\/p>&#13;\n<p><strong>Conservaci\u00f3n:<\/strong>\u00a0Hasta una vez contestada su petici\u00f3n por correo electr\u00f3nico, si no ha generado un nuevo tratamiento.<\/p>&#13;\n<p>\u00a0<\/p>&#13;\n<p><strong>Obligaci\u00f3n de facilitarnos sus datos personales y consecuencias de no hacerlo.<\/strong><\/p>&#13;\n<p>El suministro de datos personales requiere una edad m\u00ednima de 14 a\u00f1os, o en su caso, disponer de capacidad jur\u00eddica suficiente para contratar.<\/p>&#13;\n<p>Los datos personales solicitados son necesarios para gestionar sus solicitudes y\/o prestarle los servicios que pueda contratar, por lo que, si no nos los facilita, no podremos atenderle correctamente ni prestarle el servicio que ha solicitado.<\/p>&#13;\n<ol start=\"3\">&#13;\n<li><strong>Destinatarios de sus datos<\/strong><\/li>&#13;\n<\/ol>&#13;\n<p>Sus datos son confidenciales y no se ceder\u00e1n a terceros, salvo que exista obligaci\u00f3n legal.<\/p>&#13;\n<ol start=\"4\">&#13;\n<li><strong>Derechos en relaci\u00f3n con sus datos personales<\/strong><\/li>&#13;\n<\/ol>&#13;\n<p>Cualquier persona puede retirar su consentimiento en cualquier momento, cuando el mismo se haya otorgado para el tratamiento de sus datos. En ning\u00fan caso, la retirada de este consentimiento condiciona la ejecuci\u00f3n del contrato de suscripci\u00f3n o las relaciones generadas con anterioridad.<\/p>&#13;\n<p>Igualmente, puede ejercer los siguientes derechos:<\/p>&#13;\n<ul>&#13;\n<li>Solicitar el acceso a sus datos personales o su rectificaci\u00f3n cuando sean inexactos.<\/li>&#13;\n<li>Solicitar su supresi\u00f3n cuando, entre otros motivos, los datos ya no sean necesarios para los fines para los que fueron recogidos.<\/li>&#13;\n<li>Solicitar la limitaci\u00f3n de su tratamiento en determinadas circunstancias.<\/li>&#13;\n<li>Solicitar la oposici\u00f3n al tratamiento de sus datos por motivos relacionados con su situaci\u00f3n particular.<\/li>&#13;\n<li>Solicitar la portabilidad de los datos en los casos previstos en la normativa.<\/li>&#13;\n<li>Otros derechos reconocidos en las normativas aplicables.<\/li>&#13;\n<\/ul>&#13;\n<p>D\u00f3nde y c\u00f3mo solicitar sus Derechos: Mediante un escrito dirigido al responsable a su direcci\u00f3n postal o electr\u00f3nica (indicadas en el apartado A), indicando la referencia \u201cDatos Personales\u201d, especificando el derecho que se quiere ejercer y respecto a qu\u00e9 datos personales.<\/p>&#13;\n<p>En caso de divergencias con la empresa en relaci\u00f3n con el tratamiento de sus datos, puede presentar una reclamaci\u00f3n ante la Autoridad de Protecci\u00f3n de Datos (<a href=\"http:\/\/www.agpd.es\/\">www.agpd.es<\/a>).<\/p>&#13;\n<ol start=\"5\">&#13;\n<li><strong>Cookies<\/strong><\/li>&#13;\n<\/ol>&#13;\n<p>Esta p\u00e1gina web s\u00f3lo utiliza cookies t\u00e9cnicas y de personalizaci\u00f3n de sesi\u00f3n, que en ning\u00fan caso tratan datos de car\u00e1cter personal ni captan h\u00e1bitos de navegaci\u00f3n para fines estad\u00edsticos o publicitarios, por ello, no se requiere, de acuerdo con el art\u00edculo 22 de la Ley de Servicios de la Sociedad de la Informaci\u00f3n, su consentimiento para su instalaci\u00f3n temporal durante su sesi\u00f3n de navegaci\u00f3n.<\/p>&#13;\n<ol start=\"6\">&#13;\n<li><strong>Seguridad de sus datos personales<\/strong><\/li>&#13;\n<\/ol>&#13;\n<p>Con el objetivo de salvaguardar la seguridad de sus datos personales, le informamos que hemos adoptado todas las medidas de \u00edndole t\u00e9cnica y organizativa necesarias para garantizar la seguridad de los datos personales suministrados de su alteraci\u00f3n, p\u00e9rdida, y tratamientos o accesos no autorizados.<\/p>&#13;\n<ol start=\"7\">&#13;\n<li><strong>Actualizaci\u00f3n de sus datos<\/strong><\/li>&#13;\n<\/ol>&#13;\n<p>Es importante que para que podamos mantener sus datos personales actualizados, nos informe siempre que haya habido alguna modificaci\u00f3n en ellos, en caso contrario, no respondemos de la veracidad de los mismos.<\/p>&#13;\n<p>No nos hacemos responsables de la pol\u00edtica de privacidad respecto a los datos personales que pueda facilitar a terceros por medio de los enlaces disponibles en nuestra p\u00e1gina web.<\/p>&#13;\n<p>La presente Pol\u00edtica de Privacidad puede ser modificada para adaptarlas a los cambios que se produzca en nuestra web, as\u00ed como modificaciones legislativas o jurisprudenciales sobre datos personales que vayan apareciendo, por lo que exige su lectura, cada vez que nos facilite sus datos a trav\u00e9s de esta Web.<\/p>&#13;\n<\/div>&#13;\n","protected":false},"excerpt":{"rendered":"<p>&#13; &#13; Esta p\u00e1gina Web es propiedad de CONSTRUCCIONS SILLA-BELLVER SL (en adelante CONSTRUCCIONS SILLA), con NIF n\u00ba B25584418 y domicilio en C\/ Ral n\u00ba 11, bajos, 25720, Bellver de Cerdanya, Lleida (Espa\u00f1a) e Inscrita en el Registro Mercantil de Lleida en el Libro 1\/65\/1.105 Inscripci\u00f3n 187. &#13; Para cualquier consulta o propuesta, cont\u00e1ctenos llamando [&hellip;]<\/p>\n","protected":false},"author":1,"featured_media":0,"parent":0,"menu_order":0,"comment_status":"closed","ping_status":"closed","template":"","meta":{"footnotes":""},"class_list":["post-2908","page","type-page","status-publish","hentry"],"_links":{"self":[{"href":"https:\/\/construccionsilla.com\/es\/wp-json\/wp\/v2\/pages\/2908","targetHints":{"allow":["GET"]}}],"collection":[{"href":"https:\/\/construccionsilla.com\/es\/wp-json\/wp\/v2\/pages"}],"about":[{"href":"https:\/\/construccionsilla.com\/es\/wp-json\/wp\/v2\/types\/page"}],"author":[{"embeddable":true,"href":"https:\/\/construccionsilla.com\/es\/wp-json\/wp\/v2\/users\/1"}],"replies":[{"embeddable":true,"href":"https:\/\/construccionsilla.com\/es\/wp-json\/wp\/v2\/comments?post=2908"}],"version-history":[{"count":1,"href":"https:\/\/construccionsilla.com\/es\/wp-json\/wp\/v2\/pages\/2908\/revisions"}],"predecessor-version":[{"id":2909,"href":"https:\/\/construccionsilla.com\/es\/wp-json\/wp\/v2\/pages\/2908\/revisions\/2909"}],"wp:attachment":[{"href":"https:\/\/construccionsilla.com\/es\/wp-json\/wp\/v2\/media?parent=2908"}],"curies":[{"name":"wp","href":"https:\/\/api.w.org\/{rel}","templated":true}]}}